{"id":210,"date":"2014-09-03T22:49:02","date_gmt":"2014-09-03T20:49:02","guid":{"rendered":"http:\/\/musikschule-blumenstrasse.de\/system\/?page_id=210"},"modified":"2022-09-27T16:45:55","modified_gmt":"2022-09-27T14:45:55","slug":"preise","status":"publish","type":"page","link":"http:\/\/musikschule-blumenstrasse.de\/system\/preise\/","title":{"rendered":"Preis\u00fcbersicht"},"content":{"rendered":"\n<table id=\"tablepress-2\" class=\"tablepress tablepress-id-2 tbody-has-connected-cells\">\n<tbody class=\"row-striping row-hover\">\n<tr class=\"row-1\">\n\t<td colspan=\"3\" class=\"column-1\"><h3><span style=\"text-decoration: underline;\">Monatspreise<\/span><\/h3><\/td>\n<\/tr>\n<tr class=\"row-2\">\n\t<td class=\"column-1\"><p style=\"margin-bottom: 0cm; text-align: left;\">Einzelunterricht 30 min.<br \/>\nEinzelunterricht 45 min.<br \/>\nEinzelunterricht 60 min.<\/p><\/td><td class=\"column-2\"><p style=\"margin-bottom: 0cm; text-align: right;\">90,00 \u20ac<br \/>\n135,00 \u20ac<br \/>\n180,00 \u20ac<\/p><\/td><td class=\"column-3\"><\/td>\n<\/tr>\n<tr class=\"row-3\">\n\t<td colspan=\"3\" class=\"column-1\"><h3><span style=\"text-decoration: underline;\">Einzelstunden<\/span><\/h3><\/td>\n<\/tr>\n<tr class=\"row-4\">\n\t<td class=\"column-1\"><p style=\"margin-bottom: 0cm; text-align: left;\">Einzelunterricht 45 Minuten<br \/>\nEinzelunterricht 60 Minuten<\/p><\/td><td class=\"column-2\"><p style=\"margin-bottom: 0cm; text-align: right;\">45,00 \u20ac<br \/>\n60,00 \u20ac<\/p><\/td><td class=\"column-3\"><\/td>\n<\/tr>\n<tr class=\"row-5\">\n\t<td colspan=\"3\" class=\"column-1\"><h3><span style=\"text-decoration: underline;\">Workshops und Ensemble<\/span><\/h3><\/td>\n<\/tr>\n<tr class=\"row-6\">\n\t<td class=\"column-1\"><p style=\"margin-bottom: 0cm; text-align: right;\">pro Teilnehmer<\/p><\/td><td class=\"column-2\"><p style=\"margin-bottom: 0cm; text-align: right;\">30,00 \u20ac<\/p><\/td><td class=\"column-3\"><\/td>\n<\/tr>\n<tr class=\"row-7\">\n\t<td colspan=\"2\" class=\"column-1\"><h3><span style=\"text-decoration: underline;\">Schnupperpakete<\/span><\/h3><\/td><td rowspan=\"2\" class=\"column-3\"><img loading=\"lazy\" decoding=\"async\" src=\"http:\/\/musikschule-blumenstrasse.de\/system\/wp-content\/uploads\/2014\/09\/Paket_5-300x276.png\" alt=\"\" width=\"190\" height=\"175\" class=\"aligncenter size-medium wp-image-248\" srcset=\"http:\/\/musikschule-blumenstrasse.de\/system\/wp-content\/uploads\/2014\/09\/Paket_5-300x276.png 300w, http:\/\/musikschule-blumenstrasse.de\/system\/wp-content\/uploads\/2014\/09\/Paket_5-324x300.png 324w, http:\/\/musikschule-blumenstrasse.de\/system\/wp-content\/uploads\/2014\/09\/Paket_5.png 976w\" sizes=\"auto, (max-width: 190px) 100vw, 190px\" \/><\/td>\n<\/tr>\n<tr class=\"row-8\">\n\t<td class=\"column-1\"><p style=\"margin-bottom: 0cm; text-align: left;\">Einzelunterricht  5 x 45 Minuten<br \/>\nEinzelunterricht 10 x 45 Minuten<br \/>\n<br \/>\nEinzelunterricht 5 x 60 Minuten<br \/>\nEinzelunterricht 10 x 60 Minuten<\/P><\/td><td class=\"column-2\"><p style=\"margin-bottom: 0cm; text-align: right;\">210,00 \u20ac<br \/>\n410,00 \u20ac<br \/>\n<br \/>\n280,00 \u20ac<br \/>\n550,00 \u20ac<\/p><\/td>\n<\/tr>\n<\/tbody>\n<\/table>\n\n<p style=\"margin-bottom: 0cm;\">Gerne bieten wir Ihnen eine Probestunde f\u00fcr 30,- \u20ac an. Vereinbaren Sie hierzu einfach einen Termin.<\/p>\n","protected":false},"excerpt":{"rendered":"<p>Gerne bieten wir Ihnen eine Probestunde f\u00fcr 30,- \u20ac an. Vereinbaren Sie hierzu einfach einen Termin.<\/p>\n <a class=\"more-link\" href=\"http:\/\/musikschule-blumenstrasse.de\/system\/preise\/\"><span class=\"more-msg\">Weiterlesen &rarr;<\/span><\/a>","protected":false},"author":1,"featured_media":0,"parent":0,"menu_order":3,"comment_status":"closed","ping_status":"closed","template":"","meta":{"footnotes":""},"class_list":["post-210","page","type-page","status-publish","hentry"],"yoast_head":"<!-- This site is optimized with the Yoast SEO plugin v25.8 - https:\/\/yoast.com\/wordpress\/plugins\/seo\/ -->\n<title>Preis\u00fcbersicht - Musikschule Blumenstrasse - K\u00f6ln<\/title>\n<meta name=\"description\" content=\"Ulrich Deppe - Ruth Miriam Rampini - Klavier- -Klarinetten- -Saxofon- -Blockfl\u00f6ten-Ensembleunterricht - Instrumentalunterricht - K\u00f6ln - AltstadtNord - Musik - Musikunterricht - Musikschule - Blumenstra\u00dfe - 50670K\u00f6ln - Kinder - Jugendliche - Erwachsene - Feldenkrais - Alexandertechnik - Rhythmus - CD - DVD - Klarinettenbl\u00e4tter - Saxofonbl\u00e4tter - privat - famili\u00e4r - qualifiziert - Wettbewerb - Musikstudium\" \/>\n<meta name=\"robots\" content=\"index, follow, max-snippet:-1, max-image-preview:large, max-video-preview:-1\" \/>\n<link rel=\"canonical\" href=\"http:\/\/musikschule-blumenstrasse.de\/system\/preise\/\" \/>\n<meta property=\"og:locale\" content=\"de_DE\" \/>\n<meta property=\"og:type\" content=\"article\" \/>\n<meta property=\"og:title\" content=\"Preis\u00fcbersicht - Musikschule Blumenstrasse - K\u00f6ln\" \/>\n<meta property=\"og:description\" content=\"Ulrich Deppe - Ruth Miriam Rampini - Klavier- -Klarinetten- -Saxofon- -Blockfl\u00f6ten-Ensembleunterricht - Instrumentalunterricht - K\u00f6ln - AltstadtNord - Musik - Musikunterricht - Musikschule - Blumenstra\u00dfe - 50670K\u00f6ln - Kinder - Jugendliche - Erwachsene - Feldenkrais - Alexandertechnik - Rhythmus - CD - DVD - Klarinettenbl\u00e4tter - Saxofonbl\u00e4tter - privat - famili\u00e4r - qualifiziert - Wettbewerb - Musikstudium\" \/>\n<meta property=\"og:url\" content=\"http:\/\/musikschule-blumenstrasse.de\/system\/preise\/\" \/>\n<meta property=\"og:site_name\" content=\"Musikschule Blumenstrasse - K\u00f6ln\" \/>\n<meta property=\"article:modified_time\" content=\"2022-09-27T14:45:55+00:00\" \/>\n<meta name=\"twitter:label1\" content=\"Gesch\u00e4tzte Lesezeit\" \/>\n\t<meta name=\"twitter:data1\" content=\"1\u00a0Minute\" \/>\n<script type=\"application\/ld+json\" class=\"yoast-schema-graph\">{\"@context\":\"https:\/\/schema.org\",\"@graph\":[{\"@type\":\"WebPage\",\"@id\":\"http:\/\/musikschule-blumenstrasse.de\/system\/preise\/\",\"url\":\"http:\/\/musikschule-blumenstrasse.de\/system\/preise\/\",\"name\":\"Preis\u00fcbersicht - Musikschule Blumenstrasse - K\u00f6ln\",\"isPartOf\":{\"@id\":\"http:\/\/musikschule-blumenstrasse.de\/system\/#website\"},\"datePublished\":\"2014-09-03T20:49:02+00:00\",\"dateModified\":\"2022-09-27T14:45:55+00:00\",\"description\":\"Ulrich Deppe - Ruth Miriam Rampini - Klavier- -Klarinetten- -Saxofon- -Blockfl\u00f6ten-Ensembleunterricht - Instrumentalunterricht - K\u00f6ln - AltstadtNord - Musik - Musikunterricht - Musikschule - Blumenstra\u00dfe - 50670K\u00f6ln - Kinder - Jugendliche - Erwachsene - Feldenkrais - Alexandertechnik - Rhythmus - CD - DVD - Klarinettenbl\u00e4tter - Saxofonbl\u00e4tter - privat - famili\u00e4r - qualifiziert - Wettbewerb - Musikstudium\",\"breadcrumb\":{\"@id\":\"http:\/\/musikschule-blumenstrasse.de\/system\/preise\/#breadcrumb\"},\"inLanguage\":\"de\",\"potentialAction\":[{\"@type\":\"ReadAction\",\"target\":[\"http:\/\/musikschule-blumenstrasse.de\/system\/preise\/\"]}]},{\"@type\":\"BreadcrumbList\",\"@id\":\"http:\/\/musikschule-blumenstrasse.de\/system\/preise\/#breadcrumb\",\"itemListElement\":[{\"@type\":\"ListItem\",\"position\":1,\"name\":\"Home\",\"item\":\"http:\/\/musikschule-blumenstrasse.de\/system\/\"},{\"@type\":\"ListItem\",\"position\":2,\"name\":\"Preis\u00fcbersicht\"}]},{\"@type\":\"WebSite\",\"@id\":\"http:\/\/musikschule-blumenstrasse.de\/system\/#website\",\"url\":\"http:\/\/musikschule-blumenstrasse.de\/system\/\",\"name\":\"Musikschule Blumenstrasse - K\u00f6ln\",\"description\":\"Ruth Miriam Rampini und Ulrich Deppe\",\"potentialAction\":[{\"@type\":\"SearchAction\",\"target\":{\"@type\":\"EntryPoint\",\"urlTemplate\":\"http:\/\/musikschule-blumenstrasse.de\/system\/?s={search_term_string}\"},\"query-input\":{\"@type\":\"PropertyValueSpecification\",\"valueRequired\":true,\"valueName\":\"search_term_string\"}}],\"inLanguage\":\"de\"}]}<\/script>\n<!-- \/ Yoast SEO plugin. -->","yoast_head_json":{"title":"Preis\u00fcbersicht - Musikschule Blumenstrasse - K\u00f6ln","description":"Ulrich Deppe - Ruth Miriam Rampini - Klavier- -Klarinetten- -Saxofon- -Blockfl\u00f6ten-Ensembleunterricht - Instrumentalunterricht - K\u00f6ln - AltstadtNord - Musik - Musikunterricht - Musikschule - Blumenstra\u00dfe - 50670K\u00f6ln - Kinder - Jugendliche - Erwachsene - Feldenkrais - Alexandertechnik - Rhythmus - CD - DVD - Klarinettenbl\u00e4tter - Saxofonbl\u00e4tter - privat - famili\u00e4r - qualifiziert - Wettbewerb - Musikstudium","robots":{"index":"index","follow":"follow","max-snippet":"max-snippet:-1","max-image-preview":"max-image-preview:large","max-video-preview":"max-video-preview:-1"},"canonical":"http:\/\/musikschule-blumenstrasse.de\/system\/preise\/","og_locale":"de_DE","og_type":"article","og_title":"Preis\u00fcbersicht - Musikschule Blumenstrasse - K\u00f6ln","og_description":"Ulrich Deppe - Ruth Miriam Rampini - Klavier- -Klarinetten- -Saxofon- -Blockfl\u00f6ten-Ensembleunterricht - Instrumentalunterricht - K\u00f6ln - AltstadtNord - Musik - Musikunterricht - Musikschule - Blumenstra\u00dfe - 50670K\u00f6ln - Kinder - Jugendliche - Erwachsene - Feldenkrais - Alexandertechnik - Rhythmus - CD - DVD - Klarinettenbl\u00e4tter - Saxofonbl\u00e4tter - privat - famili\u00e4r - qualifiziert - Wettbewerb - Musikstudium","og_url":"http:\/\/musikschule-blumenstrasse.de\/system\/preise\/","og_site_name":"Musikschule Blumenstrasse - K\u00f6ln","article_modified_time":"2022-09-27T14:45:55+00:00","twitter_misc":{"Gesch\u00e4tzte Lesezeit":"1\u00a0Minute"},"schema":{"@context":"https:\/\/schema.org","@graph":[{"@type":"WebPage","@id":"http:\/\/musikschule-blumenstrasse.de\/system\/preise\/","url":"http:\/\/musikschule-blumenstrasse.de\/system\/preise\/","name":"Preis\u00fcbersicht - Musikschule Blumenstrasse - K\u00f6ln","isPartOf":{"@id":"http:\/\/musikschule-blumenstrasse.de\/system\/#website"},"datePublished":"2014-09-03T20:49:02+00:00","dateModified":"2022-09-27T14:45:55+00:00","description":"Ulrich Deppe - Ruth Miriam Rampini - Klavier- -Klarinetten- -Saxofon- -Blockfl\u00f6ten-Ensembleunterricht - Instrumentalunterricht - K\u00f6ln - AltstadtNord - Musik - Musikunterricht - Musikschule - Blumenstra\u00dfe - 50670K\u00f6ln - Kinder - Jugendliche - Erwachsene - Feldenkrais - Alexandertechnik - Rhythmus - CD - DVD - Klarinettenbl\u00e4tter - Saxofonbl\u00e4tter - privat - famili\u00e4r - qualifiziert - Wettbewerb - Musikstudium","breadcrumb":{"@id":"http:\/\/musikschule-blumenstrasse.de\/system\/preise\/#breadcrumb"},"inLanguage":"de","potentialAction":[{"@type":"ReadAction","target":["http:\/\/musikschule-blumenstrasse.de\/system\/preise\/"]}]},{"@type":"BreadcrumbList","@id":"http:\/\/musikschule-blumenstrasse.de\/system\/preise\/#breadcrumb","itemListElement":[{"@type":"ListItem","position":1,"name":"Home","item":"http:\/\/musikschule-blumenstrasse.de\/system\/"},{"@type":"ListItem","position":2,"name":"Preis\u00fcbersicht"}]},{"@type":"WebSite","@id":"http:\/\/musikschule-blumenstrasse.de\/system\/#website","url":"http:\/\/musikschule-blumenstrasse.de\/system\/","name":"Musikschule Blumenstrasse - K\u00f6ln","description":"Ruth Miriam Rampini und Ulrich Deppe","potentialAction":[{"@type":"SearchAction","target":{"@type":"EntryPoint","urlTemplate":"http:\/\/musikschule-blumenstrasse.de\/system\/?s={search_term_string}"},"query-input":{"@type":"PropertyValueSpecification","valueRequired":true,"valueName":"search_term_string"}}],"inLanguage":"de"}]}},"_links":{"self":[{"href":"http:\/\/musikschule-blumenstrasse.de\/system\/wp-json\/wp\/v2\/pages\/210","targetHints":{"allow":["GET"]}}],"collection":[{"href":"http:\/\/musikschule-blumenstrasse.de\/system\/wp-json\/wp\/v2\/pages"}],"about":[{"href":"http:\/\/musikschule-blumenstrasse.de\/system\/wp-json\/wp\/v2\/types\/page"}],"author":[{"embeddable":true,"href":"http:\/\/musikschule-blumenstrasse.de\/system\/wp-json\/wp\/v2\/users\/1"}],"replies":[{"embeddable":true,"href":"http:\/\/musikschule-blumenstrasse.de\/system\/wp-json\/wp\/v2\/comments?post=210"}],"version-history":[{"count":7,"href":"http:\/\/musikschule-blumenstrasse.de\/system\/wp-json\/wp\/v2\/pages\/210\/revisions"}],"predecessor-version":[{"id":419,"href":"http:\/\/musikschule-blumenstrasse.de\/system\/wp-json\/wp\/v2\/pages\/210\/revisions\/419"}],"wp:attachment":[{"href":"http:\/\/musikschule-blumenstrasse.de\/system\/wp-json\/wp\/v2\/media?parent=210"}],"curies":[{"name":"wp","href":"https:\/\/api.w.org\/{rel}","templated":true}]}}