{"id":22,"date":"2014-08-10T09:29:54","date_gmt":"2014-08-10T07:29:54","guid":{"rendered":"http:\/\/musikschule-blumenstrasse.de\/system\/?page_id=22"},"modified":"2015-03-14T21:14:43","modified_gmt":"2015-03-14T19:14:43","slug":"kontakt","status":"publish","type":"page","link":"http:\/\/musikschule-blumenstrasse.de\/system\/kontakt\/","title":{"rendered":"Kontakt"},"content":{"rendered":"\n<div class=\"wpcf7 no-js\" id=\"wpcf7-f21-o1\" lang=\"de-DE\" dir=\"ltr\" data-wpcf7-id=\"21\">\n<div class=\"screen-reader-response\"><p role=\"status\" aria-live=\"polite\" aria-atomic=\"true\"><\/p> <ul><\/ul><\/div>\n<form action=\"\/system\/wp-json\/wp\/v2\/pages\/22#wpcf7-f21-o1\" method=\"post\" class=\"wpcf7-form init\" aria-label=\"Kontaktformular\" novalidate=\"novalidate\" data-status=\"init\">\n<fieldset class=\"hidden-fields-container\"><input type=\"hidden\" name=\"_wpcf7\" value=\"21\" \/><input type=\"hidden\" name=\"_wpcf7_version\" value=\"6.1.1\" \/><input type=\"hidden\" name=\"_wpcf7_locale\" value=\"de_DE\" \/><input type=\"hidden\" name=\"_wpcf7_unit_tag\" value=\"wpcf7-f21-o1\" \/><input type=\"hidden\" name=\"_wpcf7_container_post\" value=\"0\" \/><input type=\"hidden\" name=\"_wpcf7_posted_data_hash\" value=\"\" \/>\n<\/fieldset>\n<p>Ihr Name (Pflichtfeld)\n<\/p>\n<p><span class=\"wpcf7-form-control-wrap\" data-name=\"your-name\"><input size=\"40\" maxlength=\"400\" class=\"wpcf7-form-control wpcf7-text wpcf7-validates-as-required\" aria-required=\"true\" aria-invalid=\"false\" value=\"\" type=\"text\" name=\"your-name\" \/><\/span>\n<\/p>\n<p>Ihre E-Mail-Adresse (Pflichtfeld)\n<\/p>\n<p><span class=\"wpcf7-form-control-wrap\" data-name=\"your-email\"><input size=\"40\" maxlength=\"400\" class=\"wpcf7-form-control wpcf7-email wpcf7-validates-as-required wpcf7-text wpcf7-validates-as-email\" aria-required=\"true\" aria-invalid=\"false\" value=\"\" type=\"email\" name=\"your-email\" \/><\/span>\n<\/p>\n<p>Betreff\n<\/p>\n<p><span class=\"wpcf7-form-control-wrap\" data-name=\"your-subject\"><input size=\"40\" maxlength=\"400\" class=\"wpcf7-form-control wpcf7-text\" aria-invalid=\"false\" value=\"\" type=\"text\" name=\"your-subject\" \/><\/span>\n<\/p>\n<p>Ihre Nachricht\n<\/p>\n<p><span class=\"wpcf7-form-control-wrap\" data-name=\"your-message\"><textarea cols=\"40\" rows=\"10\" maxlength=\"2000\" class=\"wpcf7-form-control wpcf7-textarea\" aria-invalid=\"false\" name=\"your-message\"><\/textarea><\/span>\n<\/p>\n<p><input class=\"wpcf7-form-control wpcf7-submit has-spinner\" type=\"submit\" value=\"Senden\" \/>\n<\/p><div class=\"wpcf7-response-output\" aria-hidden=\"true\"><\/div>\n<\/form>\n<\/div>\n\n","protected":false},"excerpt":{"rendered":" <a class=\"more-link\" href=\"http:\/\/musikschule-blumenstrasse.de\/system\/kontakt\/\"><span class=\"more-msg\">Weiterlesen &rarr;<\/span><\/a>","protected":false},"author":1,"featured_media":0,"parent":0,"menu_order":6,"comment_status":"closed","ping_status":"closed","template":"","meta":{"footnotes":""},"class_list":["post-22","page","type-page","status-publish","hentry"],"yoast_head":"<!-- This site is optimized with the Yoast SEO plugin v25.8 - https:\/\/yoast.com\/wordpress\/plugins\/seo\/ -->\n<title>Kontakt - Musikschule Blumenstrasse - K\u00f6ln<\/title>\n<meta name=\"description\" content=\"Ulrich Deppe - Ruth Miriam Rampini - Klavier- -Klarinetten- -Saxofon- -Blockfl\u00f6ten-Ensembleunterricht - Instrumentalunterricht - K\u00f6ln - AltstadtNord - Musik - Musikunterricht - Musikschule - Blumenstra\u00dfe - 50670K\u00f6ln - Kinder - Jugendliche - Erwachsene - Feldenkrais - Alexandertechnik - Rhythmus - CD - DVD - Klarinettenbl\u00e4tter - Saxofonbl\u00e4tter - privat - famili\u00e4r - qualifiziert - Wettbewerb - Musikstudium\" \/>\n<meta name=\"robots\" content=\"index, follow, max-snippet:-1, max-image-preview:large, max-video-preview:-1\" \/>\n<link rel=\"canonical\" href=\"http:\/\/musikschule-blumenstrasse.de\/system\/kontakt\/\" \/>\n<meta property=\"og:locale\" content=\"de_DE\" \/>\n<meta property=\"og:type\" content=\"article\" \/>\n<meta property=\"og:title\" content=\"Kontakt - Musikschule Blumenstrasse - K\u00f6ln\" \/>\n<meta property=\"og:description\" content=\"Ulrich Deppe - Ruth Miriam Rampini - Klavier- -Klarinetten- -Saxofon- -Blockfl\u00f6ten-Ensembleunterricht - Instrumentalunterricht - K\u00f6ln - AltstadtNord - Musik - Musikunterricht - Musikschule - Blumenstra\u00dfe - 50670K\u00f6ln - Kinder - Jugendliche - Erwachsene - Feldenkrais - Alexandertechnik - Rhythmus - CD - DVD - Klarinettenbl\u00e4tter - Saxofonbl\u00e4tter - privat - famili\u00e4r - qualifiziert - Wettbewerb - Musikstudium\" \/>\n<meta property=\"og:url\" content=\"http:\/\/musikschule-blumenstrasse.de\/system\/kontakt\/\" \/>\n<meta property=\"og:site_name\" content=\"Musikschule Blumenstrasse - K\u00f6ln\" \/>\n<meta property=\"article:modified_time\" content=\"2015-03-14T19:14:43+00:00\" \/>\n<script type=\"application\/ld+json\" class=\"yoast-schema-graph\">{\"@context\":\"https:\/\/schema.org\",\"@graph\":[{\"@type\":\"WebPage\",\"@id\":\"http:\/\/musikschule-blumenstrasse.de\/system\/kontakt\/\",\"url\":\"http:\/\/musikschule-blumenstrasse.de\/system\/kontakt\/\",\"name\":\"Kontakt - Musikschule Blumenstrasse - K\u00f6ln\",\"isPartOf\":{\"@id\":\"http:\/\/musikschule-blumenstrasse.de\/system\/#website\"},\"datePublished\":\"2014-08-10T07:29:54+00:00\",\"dateModified\":\"2015-03-14T19:14:43+00:00\",\"description\":\"Ulrich Deppe - Ruth Miriam Rampini - Klavier- -Klarinetten- -Saxofon- -Blockfl\u00f6ten-Ensembleunterricht - Instrumentalunterricht - K\u00f6ln - AltstadtNord - Musik - Musikunterricht - Musikschule - Blumenstra\u00dfe - 50670K\u00f6ln - Kinder - Jugendliche - Erwachsene - Feldenkrais - Alexandertechnik - Rhythmus - CD - DVD - Klarinettenbl\u00e4tter - Saxofonbl\u00e4tter - privat - famili\u00e4r - qualifiziert - Wettbewerb - Musikstudium\",\"breadcrumb\":{\"@id\":\"http:\/\/musikschule-blumenstrasse.de\/system\/kontakt\/#breadcrumb\"},\"inLanguage\":\"de\",\"potentialAction\":[{\"@type\":\"ReadAction\",\"target\":[\"http:\/\/musikschule-blumenstrasse.de\/system\/kontakt\/\"]}]},{\"@type\":\"BreadcrumbList\",\"@id\":\"http:\/\/musikschule-blumenstrasse.de\/system\/kontakt\/#breadcrumb\",\"itemListElement\":[{\"@type\":\"ListItem\",\"position\":1,\"name\":\"Home\",\"item\":\"http:\/\/musikschule-blumenstrasse.de\/system\/\"},{\"@type\":\"ListItem\",\"position\":2,\"name\":\"Kontakt\"}]},{\"@type\":\"WebSite\",\"@id\":\"http:\/\/musikschule-blumenstrasse.de\/system\/#website\",\"url\":\"http:\/\/musikschule-blumenstrasse.de\/system\/\",\"name\":\"Musikschule Blumenstrasse - K\u00f6ln\",\"description\":\"Ruth Miriam Rampini und Ulrich Deppe\",\"potentialAction\":[{\"@type\":\"SearchAction\",\"target\":{\"@type\":\"EntryPoint\",\"urlTemplate\":\"http:\/\/musikschule-blumenstrasse.de\/system\/?s={search_term_string}\"},\"query-input\":{\"@type\":\"PropertyValueSpecification\",\"valueRequired\":true,\"valueName\":\"search_term_string\"}}],\"inLanguage\":\"de\"}]}<\/script>\n<!-- \/ Yoast SEO plugin. -->","yoast_head_json":{"title":"Kontakt - Musikschule Blumenstrasse - K\u00f6ln","description":"Ulrich Deppe - Ruth Miriam Rampini - Klavier- -Klarinetten- -Saxofon- -Blockfl\u00f6ten-Ensembleunterricht - Instrumentalunterricht - K\u00f6ln - AltstadtNord - Musik - Musikunterricht - Musikschule - Blumenstra\u00dfe - 50670K\u00f6ln - Kinder - Jugendliche - Erwachsene - Feldenkrais - Alexandertechnik - Rhythmus - CD - DVD - Klarinettenbl\u00e4tter - Saxofonbl\u00e4tter - privat - famili\u00e4r - qualifiziert - Wettbewerb - Musikstudium","robots":{"index":"index","follow":"follow","max-snippet":"max-snippet:-1","max-image-preview":"max-image-preview:large","max-video-preview":"max-video-preview:-1"},"canonical":"http:\/\/musikschule-blumenstrasse.de\/system\/kontakt\/","og_locale":"de_DE","og_type":"article","og_title":"Kontakt - Musikschule Blumenstrasse - K\u00f6ln","og_description":"Ulrich Deppe - Ruth Miriam Rampini - Klavier- -Klarinetten- -Saxofon- -Blockfl\u00f6ten-Ensembleunterricht - Instrumentalunterricht - K\u00f6ln - AltstadtNord - Musik - Musikunterricht - Musikschule - Blumenstra\u00dfe - 50670K\u00f6ln - Kinder - Jugendliche - Erwachsene - Feldenkrais - Alexandertechnik - Rhythmus - CD - DVD - Klarinettenbl\u00e4tter - Saxofonbl\u00e4tter - privat - famili\u00e4r - qualifiziert - Wettbewerb - Musikstudium","og_url":"http:\/\/musikschule-blumenstrasse.de\/system\/kontakt\/","og_site_name":"Musikschule Blumenstrasse - K\u00f6ln","article_modified_time":"2015-03-14T19:14:43+00:00","schema":{"@context":"https:\/\/schema.org","@graph":[{"@type":"WebPage","@id":"http:\/\/musikschule-blumenstrasse.de\/system\/kontakt\/","url":"http:\/\/musikschule-blumenstrasse.de\/system\/kontakt\/","name":"Kontakt - Musikschule Blumenstrasse - K\u00f6ln","isPartOf":{"@id":"http:\/\/musikschule-blumenstrasse.de\/system\/#website"},"datePublished":"2014-08-10T07:29:54+00:00","dateModified":"2015-03-14T19:14:43+00:00","description":"Ulrich Deppe - Ruth Miriam Rampini - Klavier- -Klarinetten- -Saxofon- -Blockfl\u00f6ten-Ensembleunterricht - Instrumentalunterricht - K\u00f6ln - AltstadtNord - Musik - Musikunterricht - Musikschule - Blumenstra\u00dfe - 50670K\u00f6ln - Kinder - Jugendliche - Erwachsene - Feldenkrais - Alexandertechnik - Rhythmus - CD - DVD - Klarinettenbl\u00e4tter - Saxofonbl\u00e4tter - privat - famili\u00e4r - qualifiziert - Wettbewerb - Musikstudium","breadcrumb":{"@id":"http:\/\/musikschule-blumenstrasse.de\/system\/kontakt\/#breadcrumb"},"inLanguage":"de","potentialAction":[{"@type":"ReadAction","target":["http:\/\/musikschule-blumenstrasse.de\/system\/kontakt\/"]}]},{"@type":"BreadcrumbList","@id":"http:\/\/musikschule-blumenstrasse.de\/system\/kontakt\/#breadcrumb","itemListElement":[{"@type":"ListItem","position":1,"name":"Home","item":"http:\/\/musikschule-blumenstrasse.de\/system\/"},{"@type":"ListItem","position":2,"name":"Kontakt"}]},{"@type":"WebSite","@id":"http:\/\/musikschule-blumenstrasse.de\/system\/#website","url":"http:\/\/musikschule-blumenstrasse.de\/system\/","name":"Musikschule Blumenstrasse - K\u00f6ln","description":"Ruth Miriam Rampini und Ulrich Deppe","potentialAction":[{"@type":"SearchAction","target":{"@type":"EntryPoint","urlTemplate":"http:\/\/musikschule-blumenstrasse.de\/system\/?s={search_term_string}"},"query-input":{"@type":"PropertyValueSpecification","valueRequired":true,"valueName":"search_term_string"}}],"inLanguage":"de"}]}},"_links":{"self":[{"href":"http:\/\/musikschule-blumenstrasse.de\/system\/wp-json\/wp\/v2\/pages\/22","targetHints":{"allow":["GET"]}}],"collection":[{"href":"http:\/\/musikschule-blumenstrasse.de\/system\/wp-json\/wp\/v2\/pages"}],"about":[{"href":"http:\/\/musikschule-blumenstrasse.de\/system\/wp-json\/wp\/v2\/types\/page"}],"author":[{"embeddable":true,"href":"http:\/\/musikschule-blumenstrasse.de\/system\/wp-json\/wp\/v2\/users\/1"}],"replies":[{"embeddable":true,"href":"http:\/\/musikschule-blumenstrasse.de\/system\/wp-json\/wp\/v2\/comments?post=22"}],"version-history":[{"count":4,"href":"http:\/\/musikschule-blumenstrasse.de\/system\/wp-json\/wp\/v2\/pages\/22\/revisions"}],"predecessor-version":[{"id":379,"href":"http:\/\/musikschule-blumenstrasse.de\/system\/wp-json\/wp\/v2\/pages\/22\/revisions\/379"}],"wp:attachment":[{"href":"http:\/\/musikschule-blumenstrasse.de\/system\/wp-json\/wp\/v2\/media?parent=22"}],"curies":[{"name":"wp","href":"https:\/\/api.w.org\/{rel}","templated":true}]}}