{"id":284,"date":"2015-03-11T19:40:22","date_gmt":"2015-03-11T17:40:22","guid":{"rendered":"http:\/\/musikschule-blumenstrasse.de\/system\/?page_id=284"},"modified":"2015-03-16T09:47:48","modified_gmt":"2015-03-16T07:47:48","slug":"musikschule","status":"publish","type":"page","link":"https:\/\/musikschule-blumenstrasse.de\/system\/","title":{"rendered":"Musikschule"},"content":{"rendered":"<h1 style=\"margin-bottom: 0cm; text-align: left;\" align=\"JUSTIFY\">Herzlich willkommen in unserer\u00a0 Musikschule in K\u00f6ln!<\/h1>\n<p style=\"margin-bottom: 0cm;\" align=\"JUSTIFY\">Wir sind eine kleine private <strong>Musikschule in K\u00f6ln Altstadt &#8211; Nord<\/strong> und bieten individuellen und hochqualifizierten Instrumentalunterricht f\u00fcr <strong>Kinder, Jugendliche und Erwachsene<\/strong>, einzeln oder in Kleingruppen.<\/p>\n<h1 style=\"margin-bottom: 0cm;\" align=\"JUSTIFY\"><\/h1>\n<h4><img loading=\"lazy\" decoding=\"async\" class=\"alignleft wp-image-81 size-medium\" src=\"http:\/\/musikschule-blumenstrasse.de\/system\/wp-content\/uploads\/2014\/09\/Home_tmp-300x228.jpg\" alt=\"Musikschule K\u00f6ln Miriam Rampini und Ulrich Deppe\" width=\"300\" height=\"228\" srcset=\"https:\/\/musikschule-blumenstrasse.de\/system\/wp-content\/uploads\/2014\/09\/Home_tmp-300x228.jpg 300w, https:\/\/musikschule-blumenstrasse.de\/system\/wp-content\/uploads\/2014\/09\/Home_tmp-393x300.jpg 393w, https:\/\/musikschule-blumenstrasse.de\/system\/wp-content\/uploads\/2014\/09\/Home_tmp.jpg 800w\" sizes=\"auto, (max-width: 300px) 100vw, 300px\" \/>Unser Angebot:<\/h4>\n<ul>\n<li><a title=\"Klavierunterricht K\u00f6ln\" href=\"http:\/\/musikschule-blumenstrasse.de\/system\/klavierunterricht-koeln\/\">Klavierunterricht<\/a><\/li>\n<li><a title=\"Klarinettenunterricht Saxofonunterricht\" href=\"http:\/\/musikschule-blumenstrasse.de\/system\/klarinettenunterricht-koeln-saxofonunterricht-koeln\/\">Klarinettenunterricht<\/a><\/li>\n<li><a title=\"Klarinettenunterricht Saxofonunterricht\" href=\"http:\/\/musikschule-blumenstrasse.de\/system\/klarinettenunterricht-koeln-saxofonunterricht-koeln\/\">Saxofonunterricht<\/a><\/li>\n<li>Blockfl\u00f6tenunterricht<\/li>\n<li>Ensemblespiel<\/li>\n<li>Workshops<\/li>\n<li>Sch\u00fclerkonzerte<\/li>\n<li>Vorbereitung auf ein Musikstudium<\/li>\n<li>Wettbewerbsvorbereitung<\/li>\n<li>Kostenlose Probestunde<\/li>\n<\/ul>\n<p style=\"margin-bottom: 0cm;\" align=\"JUSTIFY\">Wir laden Sie oder Ihr Kind herzlich dazu ein, ein Instrument zu erlernen, weil wir davon \u00fcberzeugt sind, dass die aktive Besch\u00e4ftigung mit Musik eine gro\u00dfartige M\u00f6glichkeit ist, Lebensfreude, Konzentration und Kommunikationsf\u00e4higkeit zu verbessern, gerade in einer zunehmend von Stress, Hektik und Computern gepr\u00e4gten Welt.<\/p>\n<p style=\"margin-bottom: 0cm;\" align=\"JUSTIFY\">Vereinbaren Sie am besten eine unverbindliche Probestunde bei Ruth Miriam Rampini (<strong>Klarinette<\/strong>, <strong>Saxofon<\/strong>, <strong>Blockfl\u00f6te<\/strong>) oder Ulrich Deppe (<strong>Klavier<\/strong>).<\/p>\n<h2 style=\"margin-bottom: 0cm;\" align=\"JUSTIFY\">Unsere Musikschule in K\u00f6ln freut sich auf Ihre Anfrage!<\/h2>\n","protected":false},"excerpt":{"rendered":"<p>Herzlich willkommen in unserer\u00a0 Musikschule in K\u00f6ln! Wir sind eine kleine private Musikschule in K\u00f6ln Altstadt &#8211; Nord und bieten individuellen und hochqualifizierten Instrumentalunterricht f\u00fcr Kinder, Jugendliche und Erwachsene, einzeln oder in Kleingruppen. Unser Angebot: Klavierunterricht Klarinettenunterricht Saxofonunterricht Blockfl\u00f6tenunterricht Ensemblespiel <span class=\"excerpt-dots\">&hellip;<\/span> <a class=\"more-link\" href=\"https:\/\/musikschule-blumenstrasse.de\/system\/\"><span class=\"more-msg\">Weiterlesen &rarr;<\/span><\/a><\/p>\n","protected":false},"author":1,"featured_media":0,"parent":0,"menu_order":0,"comment_status":"closed","ping_status":"closed","template":"","meta":{"footnotes":""},"class_list":["post-284","page","type-page","status-publish","hentry"],"yoast_head":"<!-- This site is optimized with the Yoast SEO plugin v25.8 - https:\/\/yoast.com\/wordpress\/plugins\/seo\/ -->\n<title>Musikschule K\u00f6ln Musikunterricht in K\u00f6ln<\/title>\n<meta name=\"description\" content=\"Musikschule K\u00f6ln, Musikunterricht in K\u00f6ln, Musikunterricht K\u00f6ln\" \/>\n<meta name=\"robots\" content=\"index, follow, max-snippet:-1, max-image-preview:large, max-video-preview:-1\" \/>\n<link rel=\"canonical\" href=\"http:\/\/musikschule-blumenstrasse.de\/system\/\" \/>\n<meta property=\"og:locale\" content=\"de_DE\" \/>\n<meta property=\"og:type\" content=\"article\" \/>\n<meta property=\"og:title\" content=\"Musikschule K\u00f6ln Musikunterricht in K\u00f6ln\" \/>\n<meta property=\"og:description\" content=\"Musikschule K\u00f6ln, Musikunterricht in K\u00f6ln, Musikunterricht K\u00f6ln\" \/>\n<meta property=\"og:url\" content=\"http:\/\/musikschule-blumenstrasse.de\/system\/\" \/>\n<meta property=\"og:site_name\" content=\"Musikschule Blumenstrasse - K\u00f6ln\" \/>\n<meta property=\"article:modified_time\" content=\"2015-03-16T07:47:48+00:00\" \/>\n<meta property=\"og:image\" content=\"http:\/\/musikschule-blumenstrasse.de\/system\/wp-content\/uploads\/2014\/09\/Home_tmp-300x228.jpg\" \/>\n<meta name=\"twitter:label1\" content=\"Gesch\u00e4tzte Lesezeit\" \/>\n\t<meta name=\"twitter:data1\" content=\"1\u00a0Minute\" \/>\n<script type=\"application\/ld+json\" class=\"yoast-schema-graph\">{\"@context\":\"https:\/\/schema.org\",\"@graph\":[{\"@type\":\"WebPage\",\"@id\":\"http:\/\/musikschule-blumenstrasse.de\/system\/\",\"url\":\"http:\/\/musikschule-blumenstrasse.de\/system\/\",\"name\":\"Musikschule K\u00f6ln Musikunterricht in K\u00f6ln\",\"isPartOf\":{\"@id\":\"http:\/\/musikschule-blumenstrasse.de\/system\/#website\"},\"primaryImageOfPage\":{\"@id\":\"http:\/\/musikschule-blumenstrasse.de\/system\/#primaryimage\"},\"image\":{\"@id\":\"http:\/\/musikschule-blumenstrasse.de\/system\/#primaryimage\"},\"thumbnailUrl\":\"http:\/\/musikschule-blumenstrasse.de\/system\/wp-content\/uploads\/2014\/09\/Home_tmp-300x228.jpg\",\"datePublished\":\"2015-03-11T17:40:22+00:00\",\"dateModified\":\"2015-03-16T07:47:48+00:00\",\"description\":\"Musikschule K\u00f6ln, Musikunterricht in K\u00f6ln, Musikunterricht K\u00f6ln\",\"breadcrumb\":{\"@id\":\"http:\/\/musikschule-blumenstrasse.de\/system\/#breadcrumb\"},\"inLanguage\":\"de\",\"potentialAction\":[{\"@type\":\"ReadAction\",\"target\":[\"http:\/\/musikschule-blumenstrasse.de\/system\/\"]}]},{\"@type\":\"ImageObject\",\"inLanguage\":\"de\",\"@id\":\"http:\/\/musikschule-blumenstrasse.de\/system\/#primaryimage\",\"url\":\"https:\/\/musikschule-blumenstrasse.de\/system\/wp-content\/uploads\/2014\/09\/Home_tmp.jpg\",\"contentUrl\":\"https:\/\/musikschule-blumenstrasse.de\/system\/wp-content\/uploads\/2014\/09\/Home_tmp.jpg\",\"width\":800,\"height\":610,\"caption\":\"Miriam Rampini und Ulrich Deppe\"},{\"@type\":\"BreadcrumbList\",\"@id\":\"http:\/\/musikschule-blumenstrasse.de\/system\/#breadcrumb\",\"itemListElement\":[{\"@type\":\"ListItem\",\"position\":1,\"name\":\"Home\",\"item\":\"http:\/\/musikschule-blumenstrasse.de\/system\/\"},{\"@type\":\"ListItem\",\"position\":2,\"name\":\"Musikschule\"}]},{\"@type\":\"WebSite\",\"@id\":\"http:\/\/musikschule-blumenstrasse.de\/system\/#website\",\"url\":\"http:\/\/musikschule-blumenstrasse.de\/system\/\",\"name\":\"Musikschule Blumenstrasse - K\u00f6ln\",\"description\":\"Ruth Miriam Rampini und Ulrich Deppe\",\"potentialAction\":[{\"@type\":\"SearchAction\",\"target\":{\"@type\":\"EntryPoint\",\"urlTemplate\":\"http:\/\/musikschule-blumenstrasse.de\/system\/?s={search_term_string}\"},\"query-input\":{\"@type\":\"PropertyValueSpecification\",\"valueRequired\":true,\"valueName\":\"search_term_string\"}}],\"inLanguage\":\"de\"}]}<\/script>\n<!-- \/ Yoast SEO plugin. -->","yoast_head_json":{"title":"Musikschule K\u00f6ln Musikunterricht in K\u00f6ln","description":"Musikschule K\u00f6ln, Musikunterricht in K\u00f6ln, Musikunterricht K\u00f6ln","robots":{"index":"index","follow":"follow","max-snippet":"max-snippet:-1","max-image-preview":"max-image-preview:large","max-video-preview":"max-video-preview:-1"},"canonical":"http:\/\/musikschule-blumenstrasse.de\/system\/","og_locale":"de_DE","og_type":"article","og_title":"Musikschule K\u00f6ln Musikunterricht in K\u00f6ln","og_description":"Musikschule K\u00f6ln, Musikunterricht in K\u00f6ln, Musikunterricht K\u00f6ln","og_url":"http:\/\/musikschule-blumenstrasse.de\/system\/","og_site_name":"Musikschule Blumenstrasse - K\u00f6ln","article_modified_time":"2015-03-16T07:47:48+00:00","og_image":[{"url":"http:\/\/musikschule-blumenstrasse.de\/system\/wp-content\/uploads\/2014\/09\/Home_tmp-300x228.jpg","type":"","width":"","height":""}],"twitter_misc":{"Gesch\u00e4tzte Lesezeit":"1\u00a0Minute"},"schema":{"@context":"https:\/\/schema.org","@graph":[{"@type":"WebPage","@id":"http:\/\/musikschule-blumenstrasse.de\/system\/","url":"http:\/\/musikschule-blumenstrasse.de\/system\/","name":"Musikschule K\u00f6ln Musikunterricht in K\u00f6ln","isPartOf":{"@id":"http:\/\/musikschule-blumenstrasse.de\/system\/#website"},"primaryImageOfPage":{"@id":"http:\/\/musikschule-blumenstrasse.de\/system\/#primaryimage"},"image":{"@id":"http:\/\/musikschule-blumenstrasse.de\/system\/#primaryimage"},"thumbnailUrl":"http:\/\/musikschule-blumenstrasse.de\/system\/wp-content\/uploads\/2014\/09\/Home_tmp-300x228.jpg","datePublished":"2015-03-11T17:40:22+00:00","dateModified":"2015-03-16T07:47:48+00:00","description":"Musikschule K\u00f6ln, Musikunterricht in K\u00f6ln, Musikunterricht K\u00f6ln","breadcrumb":{"@id":"http:\/\/musikschule-blumenstrasse.de\/system\/#breadcrumb"},"inLanguage":"de","potentialAction":[{"@type":"ReadAction","target":["http:\/\/musikschule-blumenstrasse.de\/system\/"]}]},{"@type":"ImageObject","inLanguage":"de","@id":"http:\/\/musikschule-blumenstrasse.de\/system\/#primaryimage","url":"https:\/\/musikschule-blumenstrasse.de\/system\/wp-content\/uploads\/2014\/09\/Home_tmp.jpg","contentUrl":"https:\/\/musikschule-blumenstrasse.de\/system\/wp-content\/uploads\/2014\/09\/Home_tmp.jpg","width":800,"height":610,"caption":"Miriam Rampini und Ulrich Deppe"},{"@type":"BreadcrumbList","@id":"http:\/\/musikschule-blumenstrasse.de\/system\/#breadcrumb","itemListElement":[{"@type":"ListItem","position":1,"name":"Home","item":"http:\/\/musikschule-blumenstrasse.de\/system\/"},{"@type":"ListItem","position":2,"name":"Musikschule"}]},{"@type":"WebSite","@id":"http:\/\/musikschule-blumenstrasse.de\/system\/#website","url":"http:\/\/musikschule-blumenstrasse.de\/system\/","name":"Musikschule Blumenstrasse - K\u00f6ln","description":"Ruth Miriam Rampini und Ulrich Deppe","potentialAction":[{"@type":"SearchAction","target":{"@type":"EntryPoint","urlTemplate":"http:\/\/musikschule-blumenstrasse.de\/system\/?s={search_term_string}"},"query-input":{"@type":"PropertyValueSpecification","valueRequired":true,"valueName":"search_term_string"}}],"inLanguage":"de"}]}},"_links":{"self":[{"href":"https:\/\/musikschule-blumenstrasse.de\/system\/wp-json\/wp\/v2\/pages\/284","targetHints":{"allow":["GET"]}}],"collection":[{"href":"https:\/\/musikschule-blumenstrasse.de\/system\/wp-json\/wp\/v2\/pages"}],"about":[{"href":"https:\/\/musikschule-blumenstrasse.de\/system\/wp-json\/wp\/v2\/types\/page"}],"author":[{"embeddable":true,"href":"https:\/\/musikschule-blumenstrasse.de\/system\/wp-json\/wp\/v2\/users\/1"}],"replies":[{"embeddable":true,"href":"https:\/\/musikschule-blumenstrasse.de\/system\/wp-json\/wp\/v2\/comments?post=284"}],"version-history":[{"count":7,"href":"https:\/\/musikschule-blumenstrasse.de\/system\/wp-json\/wp\/v2\/pages\/284\/revisions"}],"predecessor-version":[{"id":386,"href":"https:\/\/musikschule-blumenstrasse.de\/system\/wp-json\/wp\/v2\/pages\/284\/revisions\/386"}],"wp:attachment":[{"href":"https:\/\/musikschule-blumenstrasse.de\/system\/wp-json\/wp\/v2\/media?parent=284"}],"curies":[{"name":"wp","href":"https:\/\/api.w.org\/{rel}","templated":true}]}}